{"id":2287,"date":"2025-02-14T09:29:11","date_gmt":"2025-02-14T09:29:11","guid":{"rendered":"https:\/\/solver-advisory.com\/?page_id=2287"},"modified":"2025-02-17T10:16:32","modified_gmt":"2025-02-17T10:16:32","slug":"audit-assurance","status":"publish","type":"page","link":"https:\/\/solver-advisory.com\/fr\/audit-assurance\/","title":{"rendered":"Audit &#038; Assurance"},"content":{"rendered":"<div data-elementor-type=\"wp-page\" data-elementor-id=\"2287\" class=\"elementor elementor-2287\">\n\t\t\t\t<div class=\"elementor-element elementor-element-5121036e e-flex e-con-boxed e-con e-parent\" data-id=\"5121036e\" data-element_type=\"container\" data-e-type=\"container\">\n\t\t\t\t\t<div class=\"e-con-inner\">\n\t\t<div class=\"elementor-element elementor-element-428e7542 e-con-full e-flex e-con e-child\" data-id=\"428e7542\" data-element_type=\"container\" data-e-type=\"container\" data-settings=\"{&quot;background_background&quot;:&quot;classic&quot;}\">\n\t\t\t\t<\/div>\n\t\t<div class=\"elementor-element elementor-element-6b85c7d4 e-con-full animated-slow e-flex elementor-invisible e-con e-child\" data-id=\"6b85c7d4\" data-element_type=\"container\" data-e-type=\"container\" data-settings=\"{&quot;animation&quot;:&quot;fadeInUp&quot;,&quot;animation_delay&quot;:200}\">\n\t\t\t\t<div class=\"elementor-element elementor-element-393311a0 elementor-widget elementor-widget-heading\" data-id=\"393311a0\" data-element_type=\"widget\" data-e-type=\"widget\" data-widget_type=\"heading.default\">\n\t\t\t\t<div class=\"elementor-widget-container\">\n\t\t\t\t\t<h2 class=\"elementor-heading-title elementor-size-default\">Audit &amp; Assurance<\/h2>\t\t\t\t<\/div>\n\t\t\t\t<\/div>\n\t\t\t\t<div class=\"elementor-element elementor-element-3fae0dca elementor-widget elementor-widget-heading\" data-id=\"3fae0dca\" data-element_type=\"widget\" data-e-type=\"widget\" data-widget_type=\"heading.default\">\n\t\t\t\t<div class=\"elementor-widget-container\">\n\t\t\t\t\t<h2 class=\"elementor-heading-title elementor-size-default\">Description<\/h2>\t\t\t\t<\/div>\n\t\t\t\t<\/div>\n\t\t\t\t<div class=\"elementor-element elementor-element-3e22671e elementor-widget elementor-widget-text-editor\" data-id=\"3e22671e\" data-element_type=\"widget\" data-e-type=\"widget\" data-widget_type=\"text-editor.default\">\n\t\t\t\t<div class=\"elementor-widget-container\">\n\t\t\t\t\t\t\t\t\t<p>Nous offrons des services d\u2019audit financier, op\u00e9rationnel et de conformit\u00e9 pour garantir la fiabilit\u00e9 des informations financi\u00e8res et aider les entreprises \u00e0 prendre des d\u00e9cisions inform\u00e9es.<\/p>\t\t\t\t\t\t\t\t<\/div>\n\t\t\t\t<\/div>\n\t\t\t\t<div class=\"elementor-element elementor-element-5305c286 elementor-widget elementor-widget-heading\" data-id=\"5305c286\" data-element_type=\"widget\" data-e-type=\"widget\" data-widget_type=\"heading.default\">\n\t\t\t\t<div class=\"elementor-widget-container\">\n\t\t\t\t\t<h2 class=\"elementor-heading-title elementor-size-default\">Principaux services<\/h2>\t\t\t\t<\/div>\n\t\t\t\t<\/div>\n\t\t\t\t<div class=\"elementor-element elementor-element-3152d2a8 elementor-widget elementor-widget-text-editor\" data-id=\"3152d2a8\" data-element_type=\"widget\" data-e-type=\"widget\" data-widget_type=\"text-editor.default\">\n\t\t\t\t<div class=\"elementor-widget-container\">\n\t\t\t\t\t\t\t\t\t<ul><li>Audit des \u00e9tats financiers<\/li><li>Audits internes<\/li><li>\u00c9valuation et gestion des risques<\/li><li>Examens de conformit\u00e9<\/li><li>Enqu\u00eates sur les fraudes et comptabilit\u00e9 l\u00e9gale<\/li><\/ul>\t\t\t\t\t\t\t\t<\/div>\n\t\t\t\t<\/div>\n\t\t\t\t<div class=\"elementor-element elementor-element-7ed48ec4 elementor-widget elementor-widget-heading\" data-id=\"7ed48ec4\" data-element_type=\"widget\" data-e-type=\"widget\" data-widget_type=\"heading.default\">\n\t\t\t\t<div class=\"elementor-widget-container\">\n\t\t\t\t\t<h2 class=\"elementor-heading-title elementor-size-default\">Avantages<\/h2>\t\t\t\t<\/div>\n\t\t\t\t<\/div>\n\t\t\t\t<div class=\"elementor-element elementor-element-4b96d3d3 elementor-widget elementor-widget-text-editor\" data-id=\"4b96d3d3\" data-element_type=\"widget\" data-e-type=\"widget\" data-widget_type=\"text-editor.default\">\n\t\t\t\t<div class=\"elementor-widget-container\">\n\t\t\t\t\t\t\t\t\t<ul><li>Am\u00e9lioration de la pr\u00e9cision financi\u00e8re<\/li><li>Renforcement des contr\u00f4les internes<\/li><li>Renforcement de la confiance des parties prenantes<\/li><\/ul>\t\t\t\t\t\t\t\t<\/div>\n\t\t\t\t<\/div>\n\t\t\t\t<\/div>\n\t\t\t\t\t<\/div>\n\t\t\t\t<\/div>\n\t\t<div class=\"elementor-element elementor-element-b00ebf2 e-flex e-con-boxed e-con e-parent\" data-id=\"b00ebf2\" data-element_type=\"container\" data-e-type=\"container\" data-settings=\"{&quot;background_background&quot;:&quot;classic&quot;}\">\n\t\t\t\t\t<div class=\"e-con-inner\">\n\t\t\t\t<div class=\"elementor-element elementor-element-013e921 elementor-widget elementor-widget-heading\" data-id=\"013e921\" data-element_type=\"widget\" data-e-type=\"widget\" data-widget_type=\"heading.default\">\n\t\t\t\t<div class=\"elementor-widget-container\">\n\t\t\t\t\t<h2 class=\"elementor-heading-title elementor-size-default\">Vous demandez des services, nous vous apportons de la valeur<\/h2>\t\t\t\t<\/div>\n\t\t\t\t<\/div>\n\t\t\t\t\t<\/div>\n\t\t\t\t<\/div>\n\t\t\t\t<\/div>","protected":false},"excerpt":{"rendered":"<p>Audit &amp; Assurance Description We provide a comprehensive range of audit and assurance services tailored to meet the unique needs of organizations. Our approach ensures compliance, enhances transparency, and provides stakeholders with reliable financial and operational insights. Key Services Financial Statement Audits Internal Audits Risk Assessment and Management Compliance Reviews Fraud Investigation and Forensic Accounting [&hellip;]<\/p>","protected":false},"author":2,"featured_media":0,"parent":0,"menu_order":0,"comment_status":"closed","ping_status":"closed","template":"","meta":{"footnotes":""},"class_list":["post-2287","page","type-page","status-publish","hentry"],"blocksy_meta":[],"_links":{"self":[{"href":"https:\/\/solver-advisory.com\/fr\/wp-json\/wp\/v2\/pages\/2287"}],"collection":[{"href":"https:\/\/solver-advisory.com\/fr\/wp-json\/wp\/v2\/pages"}],"about":[{"href":"https:\/\/solver-advisory.com\/fr\/wp-json\/wp\/v2\/types\/page"}],"author":[{"embeddable":true,"href":"https:\/\/solver-advisory.com\/fr\/wp-json\/wp\/v2\/users\/2"}],"replies":[{"embeddable":true,"href":"https:\/\/solver-advisory.com\/fr\/wp-json\/wp\/v2\/comments?post=2287"}],"version-history":[{"count":10,"href":"https:\/\/solver-advisory.com\/fr\/wp-json\/wp\/v2\/pages\/2287\/revisions"}],"predecessor-version":[{"id":2426,"href":"https:\/\/solver-advisory.com\/fr\/wp-json\/wp\/v2\/pages\/2287\/revisions\/2426"}],"wp:attachment":[{"href":"https:\/\/solver-advisory.com\/fr\/wp-json\/wp\/v2\/media?parent=2287"}],"curies":[{"name":"wp","href":"https:\/\/api.w.org\/{rel}","templated":true}]}}