{"id":2289,"date":"2025-02-14T09:29:11","date_gmt":"2025-02-14T09:29:11","guid":{"rendered":"https:\/\/solver-advisory.com\/?page_id=2289"},"modified":"2025-02-17T10:19:13","modified_gmt":"2025-02-17T10:19:13","slug":"project-management","status":"publish","type":"page","link":"https:\/\/solver-advisory.com\/fr\/project-management\/","title":{"rendered":"Gestion de projet"},"content":{"rendered":"<div data-elementor-type=\"wp-page\" data-elementor-id=\"2289\" class=\"elementor elementor-2289\">\n\t\t\t\t<div class=\"elementor-element elementor-element-692ad82e e-flex e-con-boxed e-con e-parent\" data-id=\"692ad82e\" data-element_type=\"container\" data-e-type=\"container\">\n\t\t\t\t\t<div class=\"e-con-inner\">\n\t\t<div class=\"elementor-element elementor-element-7f36f420 e-con-full e-flex e-con e-child\" data-id=\"7f36f420\" data-element_type=\"container\" data-e-type=\"container\" data-settings=\"{&quot;background_background&quot;:&quot;classic&quot;}\">\n\t\t\t\t<\/div>\n\t\t<div class=\"elementor-element elementor-element-52294176 e-con-full animated-slow e-flex elementor-invisible e-con e-child\" data-id=\"52294176\" data-element_type=\"container\" data-e-type=\"container\" data-settings=\"{&quot;animation&quot;:&quot;fadeInUp&quot;,&quot;animation_delay&quot;:200}\">\n\t\t\t\t<div class=\"elementor-element elementor-element-1dc4a06a elementor-widget elementor-widget-heading\" data-id=\"1dc4a06a\" data-element_type=\"widget\" data-e-type=\"widget\" data-widget_type=\"heading.default\">\n\t\t\t\t<div class=\"elementor-widget-container\">\n\t\t\t\t\t<h2 class=\"elementor-heading-title elementor-size-default\">Gestion de projet<\/h2>\t\t\t\t<\/div>\n\t\t\t\t<\/div>\n\t\t\t\t<div class=\"elementor-element elementor-element-30ec7db5 elementor-widget elementor-widget-heading\" data-id=\"30ec7db5\" data-element_type=\"widget\" data-e-type=\"widget\" data-widget_type=\"heading.default\">\n\t\t\t\t<div class=\"elementor-widget-container\">\n\t\t\t\t\t<h2 class=\"elementor-heading-title elementor-size-default\">Description<\/h2>\t\t\t\t<\/div>\n\t\t\t\t<\/div>\n\t\t\t\t<div class=\"elementor-element elementor-element-39b965f7 elementor-widget elementor-widget-text-editor\" data-id=\"39b965f7\" data-element_type=\"widget\" data-e-type=\"widget\" data-widget_type=\"text-editor.default\">\n\t\t\t\t<div class=\"elementor-widget-container\">\n\t\t\t\t\t\t\t\t\t<p>Nous fournissons des services professionnels de gestion de projet qui garantissent que les projets sont achev\u00e9s dans les d\u00e9lais, dans le respect du budget et en conformit\u00e9 avec les objectifs de l'organisation.<\/p>\t\t\t\t\t\t\t\t<\/div>\n\t\t\t\t<\/div>\n\t\t\t\t<div class=\"elementor-element elementor-element-2458ad4d elementor-widget elementor-widget-heading\" data-id=\"2458ad4d\" data-element_type=\"widget\" data-e-type=\"widget\" data-widget_type=\"heading.default\">\n\t\t\t\t<div class=\"elementor-widget-container\">\n\t\t\t\t\t<h2 class=\"elementor-heading-title elementor-size-default\">Principaux services<\/h2>\t\t\t\t<\/div>\n\t\t\t\t<\/div>\n\t\t\t\t<div class=\"elementor-element elementor-element-7cfd1fc6 elementor-widget elementor-widget-text-editor\" data-id=\"7cfd1fc6\" data-element_type=\"widget\" data-e-type=\"widget\" data-widget_type=\"text-editor.default\">\n\t\t\t\t<div class=\"elementor-widget-container\">\n\t\t\t\t\t\t\t\t\t<ul><li>Planification et ordonnancement de projets<\/li><li>Gestion des risques et des probl\u00e8mes<\/li><li>Allocation des ressources<\/li><li>M\u00e9thodologies Agile et Waterfall<\/li><li>Suivi du projet et rapports<\/li><\/ul>\t\t\t\t\t\t\t\t<\/div>\n\t\t\t\t<\/div>\n\t\t\t\t<div class=\"elementor-element elementor-element-33c02a35 elementor-widget elementor-widget-heading\" data-id=\"33c02a35\" data-element_type=\"widget\" data-e-type=\"widget\" data-widget_type=\"heading.default\">\n\t\t\t\t<div class=\"elementor-widget-container\">\n\t\t\t\t\t<h2 class=\"elementor-heading-title elementor-size-default\">Avantages<\/h2>\t\t\t\t<\/div>\n\t\t\t\t<\/div>\n\t\t\t\t<div class=\"elementor-element elementor-element-60126a33 elementor-widget elementor-widget-text-editor\" data-id=\"60126a33\" data-element_type=\"widget\" data-e-type=\"widget\" data-widget_type=\"text-editor.default\">\n\t\t\t\t<div class=\"elementor-widget-container\">\n\t\t\t\t\t\t\t\t\t<ul><li>Efficacit\u00e9 et productivit\u00e9 accrues<\/li><li>R\u00e9duction des risques li\u00e9s au projet<\/li><li>R\u00e9alisation des objectifs du projet<\/li><\/ul>\t\t\t\t\t\t\t\t<\/div>\n\t\t\t\t<\/div>\n\t\t\t\t<\/div>\n\t\t\t\t\t<\/div>\n\t\t\t\t<\/div>\n\t\t<div class=\"elementor-element elementor-element-5d419852 e-flex e-con-boxed e-con e-parent\" data-id=\"5d419852\" data-element_type=\"container\" data-e-type=\"container\" data-settings=\"{&quot;background_background&quot;:&quot;classic&quot;}\">\n\t\t\t\t\t<div class=\"e-con-inner\">\n\t\t\t\t<div class=\"elementor-element elementor-element-61b6c0c1 elementor-widget elementor-widget-heading\" data-id=\"61b6c0c1\" data-element_type=\"widget\" data-e-type=\"widget\" data-widget_type=\"heading.default\">\n\t\t\t\t<div class=\"elementor-widget-container\">\n\t\t\t\t\t<h2 class=\"elementor-heading-title elementor-size-default\">Vous demandez des services, nous vous apportons de la valeur<\/h2>\t\t\t\t<\/div>\n\t\t\t\t<\/div>\n\t\t\t\t\t<\/div>\n\t\t\t\t<\/div>\n\t\t\t\t<\/div>","protected":false},"excerpt":{"rendered":"<p>Project Management Description We deliver professional project management services that ensure projects are completed on time, within budget, and aligned with organizational goals. Key Services Project Planning and Scheduling Risk and Issue Management Resource Allocation Agile and Waterfall Methodologies Project Monitoring and Reporting Benefits Enhanced efficiency and productivity Reduced project risks Successful achievement of project [&hellip;]<\/p>","protected":false},"author":2,"featured_media":0,"parent":0,"menu_order":0,"comment_status":"closed","ping_status":"closed","template":"","meta":{"footnotes":""},"class_list":["post-2289","page","type-page","status-publish","hentry"],"blocksy_meta":[],"_links":{"self":[{"href":"https:\/\/solver-advisory.com\/fr\/wp-json\/wp\/v2\/pages\/2289"}],"collection":[{"href":"https:\/\/solver-advisory.com\/fr\/wp-json\/wp\/v2\/pages"}],"about":[{"href":"https:\/\/solver-advisory.com\/fr\/wp-json\/wp\/v2\/types\/page"}],"author":[{"embeddable":true,"href":"https:\/\/solver-advisory.com\/fr\/wp-json\/wp\/v2\/users\/2"}],"replies":[{"embeddable":true,"href":"https:\/\/solver-advisory.com\/fr\/wp-json\/wp\/v2\/comments?post=2289"}],"version-history":[{"count":10,"href":"https:\/\/solver-advisory.com\/fr\/wp-json\/wp\/v2\/pages\/2289\/revisions"}],"predecessor-version":[{"id":2432,"href":"https:\/\/solver-advisory.com\/fr\/wp-json\/wp\/v2\/pages\/2289\/revisions\/2432"}],"wp:attachment":[{"href":"https:\/\/solver-advisory.com\/fr\/wp-json\/wp\/v2\/media?parent=2289"}],"curies":[{"name":"wp","href":"https:\/\/api.w.org\/{rel}","templated":true}]}}