{"id":2290,"date":"2025-02-14T09:29:11","date_gmt":"2025-02-14T09:29:11","guid":{"rendered":"https:\/\/solver-advisory.com\/?page_id=2290"},"modified":"2025-02-17T10:20:33","modified_gmt":"2025-02-17T10:20:33","slug":"data-analysis-business-intelligence","status":"publish","type":"page","link":"https:\/\/solver-advisory.com\/fr\/data-analysis-business-intelligence\/","title":{"rendered":"Data Analysis &#038; Business Intelligence"},"content":{"rendered":"<div data-elementor-type=\"wp-page\" data-elementor-id=\"2290\" class=\"elementor elementor-2290\">\n\t\t\t\t<div class=\"elementor-element elementor-element-69728f5e e-flex e-con-boxed e-con e-parent\" data-id=\"69728f5e\" data-element_type=\"container\" data-e-type=\"container\">\n\t\t\t\t\t<div class=\"e-con-inner\">\n\t\t<div class=\"elementor-element elementor-element-3d697c24 e-con-full e-flex e-con e-child\" data-id=\"3d697c24\" data-element_type=\"container\" data-e-type=\"container\" data-settings=\"{&quot;background_background&quot;:&quot;classic&quot;}\">\n\t\t\t\t<\/div>\n\t\t<div class=\"elementor-element elementor-element-3b18beb9 e-con-full animated-slow e-flex elementor-invisible e-con e-child\" data-id=\"3b18beb9\" data-element_type=\"container\" data-e-type=\"container\" data-settings=\"{&quot;animation&quot;:&quot;fadeInUp&quot;,&quot;animation_delay&quot;:200}\">\n\t\t\t\t<div class=\"elementor-element elementor-element-4c359ed6 elementor-widget elementor-widget-heading\" data-id=\"4c359ed6\" data-element_type=\"widget\" data-e-type=\"widget\" data-widget_type=\"heading.default\">\n\t\t\t\t<div class=\"elementor-widget-container\">\n\t\t\t\t\t<h2 class=\"elementor-heading-title elementor-size-default\">Analyse de donn\u00e9es et BI (Business Intelligence)<\/h2>\t\t\t\t<\/div>\n\t\t\t\t<\/div>\n\t\t\t\t<div class=\"elementor-element elementor-element-5def49f7 elementor-widget elementor-widget-heading\" data-id=\"5def49f7\" data-element_type=\"widget\" data-e-type=\"widget\" data-widget_type=\"heading.default\">\n\t\t\t\t<div class=\"elementor-widget-container\">\n\t\t\t\t\t<h2 class=\"elementor-heading-title elementor-size-default\">Description<\/h2>\t\t\t\t<\/div>\n\t\t\t\t<\/div>\n\t\t\t\t<div class=\"elementor-element elementor-element-14e1fff elementor-widget elementor-widget-text-editor\" data-id=\"14e1fff\" data-element_type=\"widget\" data-e-type=\"widget\" data-widget_type=\"text-editor.default\">\n\t\t\t\t<div class=\"elementor-widget-container\">\n\t\t\t\t\t\t\t\t\t<p>Transformez vos donn\u00e9es en informations exploitables gr\u00e2ce \u00e0 nos services avanc\u00e9s d'analyse de donn\u00e9es et de veille strat\u00e9gique. Nous aidons les organisations \u00e0 prendre des d\u00e9cisions fond\u00e9es sur les donn\u00e9es et \u00e0 obtenir des r\u00e9sultats mesurables.<\/p>\t\t\t\t\t\t\t\t<\/div>\n\t\t\t\t<\/div>\n\t\t\t\t<div class=\"elementor-element elementor-element-1eff5c1a elementor-widget elementor-widget-heading\" data-id=\"1eff5c1a\" data-element_type=\"widget\" data-e-type=\"widget\" data-widget_type=\"heading.default\">\n\t\t\t\t<div class=\"elementor-widget-container\">\n\t\t\t\t\t<h2 class=\"elementor-heading-title elementor-size-default\">Principaux services<\/h2>\t\t\t\t<\/div>\n\t\t\t\t<\/div>\n\t\t\t\t<div class=\"elementor-element elementor-element-63a4320a elementor-widget elementor-widget-text-editor\" data-id=\"63a4320a\" data-element_type=\"widget\" data-e-type=\"widget\" data-widget_type=\"text-editor.default\">\n\t\t\t\t<div class=\"elementor-widget-container\">\n\t\t\t\t\t\t\t\t\t<ul><li>Visualisation des donn\u00e9es et tableaux de bord<\/li><li>Analyse pr\u00e9dictive et prescriptive<\/li><li>Entreposage de donn\u00e9es<\/li><li>Suivi des indicateurs cl\u00e9s de performance<\/li><li>Solutions BI personnalis\u00e9es<\/li><\/ul>\t\t\t\t\t\t\t\t<\/div>\n\t\t\t\t<\/div>\n\t\t\t\t<div class=\"elementor-element elementor-element-de07f73 elementor-widget elementor-widget-heading\" data-id=\"de07f73\" data-element_type=\"widget\" data-e-type=\"widget\" data-widget_type=\"heading.default\">\n\t\t\t\t<div class=\"elementor-widget-container\">\n\t\t\t\t\t<h2 class=\"elementor-heading-title elementor-size-default\">Avantages<\/h2>\t\t\t\t<\/div>\n\t\t\t\t<\/div>\n\t\t\t\t<div class=\"elementor-element elementor-element-2e061ea6 elementor-widget elementor-widget-text-editor\" data-id=\"2e061ea6\" data-element_type=\"widget\" data-e-type=\"widget\" data-widget_type=\"text-editor.default\">\n\t\t\t\t<div class=\"elementor-widget-container\">\n\t\t\t\t\t\t\t\t\t<ul><li>Am\u00e9lioration de la prise de d\u00e9cision<\/li><li>Am\u00e9lioration des performances de l'entreprise<\/li><li>Avantage concurrentiel gr\u00e2ce \u00e0 la connaissance des donn\u00e9es<\/li><\/ul>\t\t\t\t\t\t\t\t<\/div>\n\t\t\t\t<\/div>\n\t\t\t\t<\/div>\n\t\t\t\t\t<\/div>\n\t\t\t\t<\/div>\n\t\t<div class=\"elementor-element elementor-element-216929ca e-flex e-con-boxed e-con e-parent\" data-id=\"216929ca\" data-element_type=\"container\" data-e-type=\"container\" data-settings=\"{&quot;background_background&quot;:&quot;classic&quot;}\">\n\t\t\t\t\t<div class=\"e-con-inner\">\n\t\t\t\t<div class=\"elementor-element elementor-element-7ccaf02d elementor-widget elementor-widget-heading\" data-id=\"7ccaf02d\" data-element_type=\"widget\" data-e-type=\"widget\" data-widget_type=\"heading.default\">\n\t\t\t\t<div class=\"elementor-widget-container\">\n\t\t\t\t\t<h2 class=\"elementor-heading-title elementor-size-default\">Vous demandez des services, nous vous apportons de la valeur<\/h2>\t\t\t\t<\/div>\n\t\t\t\t<\/div>\n\t\t\t\t\t<\/div>\n\t\t\t\t<\/div>\n\t\t\t\t<\/div>","protected":false},"excerpt":{"rendered":"<p>Data Analysis &amp; Business Intelligence (BI) Description Transform data into actionable insights with our advanced data analysis and BI services. We help organizations make data-driven decisions and achieve measurable results. Key Services Data Visualization and Dashboarding Predictive and Prescriptive Analytics Data Warehousing KPI Tracking Custom BI Solutions Benefits Improved decision-making Enhanced business performance Competitive advantage [&hellip;]<\/p>","protected":false},"author":2,"featured_media":0,"parent":0,"menu_order":0,"comment_status":"closed","ping_status":"closed","template":"","meta":{"footnotes":""},"class_list":["post-2290","page","type-page","status-publish","hentry"],"blocksy_meta":[],"_links":{"self":[{"href":"https:\/\/solver-advisory.com\/fr\/wp-json\/wp\/v2\/pages\/2290"}],"collection":[{"href":"https:\/\/solver-advisory.com\/fr\/wp-json\/wp\/v2\/pages"}],"about":[{"href":"https:\/\/solver-advisory.com\/fr\/wp-json\/wp\/v2\/types\/page"}],"author":[{"embeddable":true,"href":"https:\/\/solver-advisory.com\/fr\/wp-json\/wp\/v2\/users\/2"}],"replies":[{"embeddable":true,"href":"https:\/\/solver-advisory.com\/fr\/wp-json\/wp\/v2\/comments?post=2290"}],"version-history":[{"count":10,"href":"https:\/\/solver-advisory.com\/fr\/wp-json\/wp\/v2\/pages\/2290\/revisions"}],"predecessor-version":[{"id":2435,"href":"https:\/\/solver-advisory.com\/fr\/wp-json\/wp\/v2\/pages\/2290\/revisions\/2435"}],"wp:attachment":[{"href":"https:\/\/solver-advisory.com\/fr\/wp-json\/wp\/v2\/media?parent=2290"}],"curies":[{"name":"wp","href":"https:\/\/api.w.org\/{rel}","templated":true}]}}