{"id":2292,"date":"2025-02-14T09:29:11","date_gmt":"2025-02-14T09:29:11","guid":{"rendered":"https:\/\/solver-advisory.com\/?page_id=2292"},"modified":"2025-02-17T10:22:43","modified_gmt":"2025-02-17T10:22:43","slug":"training-development","status":"publish","type":"page","link":"https:\/\/solver-advisory.com\/fr\/training-development\/","title":{"rendered":"Training &#038; Development"},"content":{"rendered":"<div data-elementor-type=\"wp-page\" data-elementor-id=\"2292\" class=\"elementor elementor-2292\">\n\t\t\t\t<div class=\"elementor-element elementor-element-7e27dae7 e-flex e-con-boxed e-con e-parent\" data-id=\"7e27dae7\" data-element_type=\"container\" data-e-type=\"container\">\n\t\t\t\t\t<div class=\"e-con-inner\">\n\t\t<div class=\"elementor-element elementor-element-7efcb080 e-con-full e-flex e-con e-child\" data-id=\"7efcb080\" data-element_type=\"container\" data-e-type=\"container\" data-settings=\"{&quot;background_background&quot;:&quot;classic&quot;}\">\n\t\t\t\t<\/div>\n\t\t<div class=\"elementor-element elementor-element-13a21e5 e-con-full animated-slow e-flex elementor-invisible e-con e-child\" data-id=\"13a21e5\" data-element_type=\"container\" data-e-type=\"container\" data-settings=\"{&quot;animation&quot;:&quot;fadeInUp&quot;,&quot;animation_delay&quot;:200}\">\n\t\t\t\t<div class=\"elementor-element elementor-element-2c611e6e elementor-widget elementor-widget-heading\" data-id=\"2c611e6e\" data-element_type=\"widget\" data-e-type=\"widget\" data-widget_type=\"heading.default\">\n\t\t\t\t<div class=\"elementor-widget-container\">\n\t\t\t\t\t<h2 class=\"elementor-heading-title elementor-size-default\">Formation et d\u00e9veloppement<\/h2>\t\t\t\t<\/div>\n\t\t\t\t<\/div>\n\t\t\t\t<div class=\"elementor-element elementor-element-7215dabb elementor-widget elementor-widget-heading\" data-id=\"7215dabb\" data-element_type=\"widget\" data-e-type=\"widget\" data-widget_type=\"heading.default\">\n\t\t\t\t<div class=\"elementor-widget-container\">\n\t\t\t\t\t<h2 class=\"elementor-heading-title elementor-size-default\">Description<\/h2>\t\t\t\t<\/div>\n\t\t\t\t<\/div>\n\t\t\t\t<div class=\"elementor-element elementor-element-2616315a elementor-widget elementor-widget-text-editor\" data-id=\"2616315a\" data-element_type=\"widget\" data-e-type=\"widget\" data-widget_type=\"text-editor.default\">\n\t\t\t\t<div class=\"elementor-widget-container\">\n\t\t\t\t\t\t\t\t\t<p>Donnez \u00e0 votre \u00e9quipe les comp\u00e9tences et les connaissances n\u00e9cessaires pour exceller dans l'environnement commercial dynamique d'aujourd'hui. Nous proposons des formations professionnelles adapt\u00e9es \u00e0 diff\u00e9rents domaines.<\/p>\t\t\t\t\t\t\t\t<\/div>\n\t\t\t\t<\/div>\n\t\t\t\t<div class=\"elementor-element elementor-element-33a529f2 elementor-widget elementor-widget-heading\" data-id=\"33a529f2\" data-element_type=\"widget\" data-e-type=\"widget\" data-widget_type=\"heading.default\">\n\t\t\t\t<div class=\"elementor-widget-container\">\n\t\t\t\t\t<h2 class=\"elementor-heading-title elementor-size-default\">Principaux services<\/h2>\t\t\t\t<\/div>\n\t\t\t\t<\/div>\n\t\t\t\t<div class=\"elementor-element elementor-element-5a543a7a elementor-widget elementor-widget-text-editor\" data-id=\"5a543a7a\" data-element_type=\"widget\" data-e-type=\"widget\" data-widget_type=\"text-editor.default\">\n\t\t\t\t<div class=\"elementor-widget-container\">\n\t\t\t\t\t\t\t\t\t<ul><li>Gestion de projet (PMP, PRINCE2)<\/li><li>Mod\u00e9lisation et \u00e9valuation financi\u00e8res (FMVA)<\/li><li>Analyse de donn\u00e9es et BI (Excel, Power BI, Tableau)<\/li><li>Comp\u00e9tences en mati\u00e8re de leadership et de gestion<\/li><li>Programmes de formation sur mesure pour les entreprises<\/li><\/ul>\t\t\t\t\t\t\t\t<\/div>\n\t\t\t\t<\/div>\n\t\t\t\t<div class=\"elementor-element elementor-element-77a18b61 elementor-widget elementor-widget-heading\" data-id=\"77a18b61\" data-element_type=\"widget\" data-e-type=\"widget\" data-widget_type=\"heading.default\">\n\t\t\t\t<div class=\"elementor-widget-container\">\n\t\t\t\t\t<h2 class=\"elementor-heading-title elementor-size-default\">Avantages<\/h2>\t\t\t\t<\/div>\n\t\t\t\t<\/div>\n\t\t\t\t<div class=\"elementor-element elementor-element-70086b13 elementor-widget elementor-widget-text-editor\" data-id=\"70086b13\" data-element_type=\"widget\" data-e-type=\"widget\" data-widget_type=\"text-editor.default\">\n\t\t\t\t<div class=\"elementor-widget-container\">\n\t\t\t\t\t\t\t\t\t<ul><li>Une main-d'\u0153uvre plus qualifi\u00e9e<\/li><li>Augmentation de la satisfaction des employ\u00e9s<\/li><li>Renforcement des capacit\u00e9s organisationnelles<\/li><\/ul>\t\t\t\t\t\t\t\t<\/div>\n\t\t\t\t<\/div>\n\t\t\t\t<\/div>\n\t\t\t\t\t<\/div>\n\t\t\t\t<\/div>\n\t\t<div class=\"elementor-element elementor-element-4a93486b e-flex e-con-boxed e-con e-parent\" data-id=\"4a93486b\" data-element_type=\"container\" data-e-type=\"container\" data-settings=\"{&quot;background_background&quot;:&quot;classic&quot;}\">\n\t\t\t\t\t<div class=\"e-con-inner\">\n\t\t\t\t<div class=\"elementor-element elementor-element-53af064e elementor-widget elementor-widget-heading\" data-id=\"53af064e\" data-element_type=\"widget\" data-e-type=\"widget\" data-widget_type=\"heading.default\">\n\t\t\t\t<div class=\"elementor-widget-container\">\n\t\t\t\t\t<h2 class=\"elementor-heading-title elementor-size-default\">Vous demandez des services, nous vous apportons de la valeur<\/h2>\t\t\t\t<\/div>\n\t\t\t\t<\/div>\n\t\t\t\t\t<\/div>\n\t\t\t\t<\/div>\n\t\t\t\t<\/div>","protected":false},"excerpt":{"rendered":"<p>Training &amp; Development Description Equip your team with the skills and knowledge to excel in today&#8217;s dynamic business environment. We offer professional training tailored to various fields. Key Services Project Management (PMP, PRINCE2) Financial Modeling and Valuation (FMVA) Data Analysis and BI (Excel, Power BI, Tableau) Leadership and Management Skills Customized Corporate Training Programs Benefits [&hellip;]<\/p>","protected":false},"author":2,"featured_media":0,"parent":0,"menu_order":0,"comment_status":"closed","ping_status":"closed","template":"","meta":{"footnotes":""},"class_list":["post-2292","page","type-page","status-publish","hentry"],"blocksy_meta":[],"_links":{"self":[{"href":"https:\/\/solver-advisory.com\/fr\/wp-json\/wp\/v2\/pages\/2292"}],"collection":[{"href":"https:\/\/solver-advisory.com\/fr\/wp-json\/wp\/v2\/pages"}],"about":[{"href":"https:\/\/solver-advisory.com\/fr\/wp-json\/wp\/v2\/types\/page"}],"author":[{"embeddable":true,"href":"https:\/\/solver-advisory.com\/fr\/wp-json\/wp\/v2\/users\/2"}],"replies":[{"embeddable":true,"href":"https:\/\/solver-advisory.com\/fr\/wp-json\/wp\/v2\/comments?post=2292"}],"version-history":[{"count":10,"href":"https:\/\/solver-advisory.com\/fr\/wp-json\/wp\/v2\/pages\/2292\/revisions"}],"predecessor-version":[{"id":2438,"href":"https:\/\/solver-advisory.com\/fr\/wp-json\/wp\/v2\/pages\/2292\/revisions\/2438"}],"wp:attachment":[{"href":"https:\/\/solver-advisory.com\/fr\/wp-json\/wp\/v2\/media?parent=2292"}],"curies":[{"name":"wp","href":"https:\/\/api.w.org\/{rel}","templated":true}]}}