{"id":2293,"date":"2025-02-14T09:29:11","date_gmt":"2025-02-14T09:29:11","guid":{"rendered":"https:\/\/solver-advisory.com\/?page_id=2293"},"modified":"2025-02-17T10:23:40","modified_gmt":"2025-02-17T10:23:40","slug":"newsletter","status":"publish","type":"page","link":"https:\/\/solver-advisory.com\/fr\/newsletter\/","title":{"rendered":"Newsletter"},"content":{"rendered":"<div data-elementor-type=\"wp-page\" data-elementor-id=\"2293\" class=\"elementor elementor-2293\">\n\t\t\t\t<div class=\"elementor-element elementor-element-1727ecb7 e-flex e-con-boxed e-con e-parent\" data-id=\"1727ecb7\" data-element_type=\"container\" data-e-type=\"container\">\n\t\t\t\t\t<div class=\"e-con-inner\">\n\t\t<div class=\"elementor-element elementor-element-1eeb3cd6 e-con-full e-flex e-con e-child\" data-id=\"1eeb3cd6\" data-element_type=\"container\" data-e-type=\"container\" data-settings=\"{&quot;background_background&quot;:&quot;classic&quot;}\">\n\t\t\t\t<\/div>\n\t\t<div class=\"elementor-element elementor-element-1dc5bc86 e-con-full animated-slow e-flex elementor-invisible e-con e-child\" data-id=\"1dc5bc86\" data-element_type=\"container\" data-e-type=\"container\" data-settings=\"{&quot;animation&quot;:&quot;fadeInUp&quot;,&quot;animation_delay&quot;:200}\">\n\t\t\t\t<div class=\"elementor-element elementor-element-5009b58 elementor-widget elementor-widget-heading\" data-id=\"5009b58\" data-element_type=\"widget\" data-e-type=\"widget\" data-widget_type=\"heading.default\">\n\t\t\t\t<div class=\"elementor-widget-container\">\n\t\t\t\t\t<h2 class=\"elementor-heading-title elementor-size-default\">Newsletter<\/h2>\t\t\t\t<\/div>\n\t\t\t\t<\/div>\n\t\t\t\t<div class=\"elementor-element elementor-element-5fdb54f5 elementor-widget elementor-widget-heading\" data-id=\"5fdb54f5\" data-element_type=\"widget\" data-e-type=\"widget\" data-widget_type=\"heading.default\">\n\t\t\t\t<div class=\"elementor-widget-container\">\n\t\t\t\t\t<h2 class=\"elementor-heading-title elementor-size-default\">Description<\/h2>\t\t\t\t<\/div>\n\t\t\t\t<\/div>\n\t\t\t\t<div class=\"elementor-element elementor-element-7a030b5 elementor-widget elementor-widget-text-editor\" data-id=\"7a030b5\" data-element_type=\"widget\" data-e-type=\"widget\" data-widget_type=\"text-editor.default\">\n\t\t\t\t<div class=\"elementor-widget-container\">\n\t\t\t\t\t\t\t\t\t<p>Restez inform\u00e9 gr\u00e2ce \u00e0 notre lettre d'information r\u00e9dig\u00e9e par des experts, qui fournit des informations et des mises \u00e0 jour sur les tendances du secteur, les changements r\u00e9glementaires et les meilleures pratiques.<\/p>\t\t\t\t\t\t\t\t<\/div>\n\t\t\t\t<\/div>\n\t\t\t\t<div class=\"elementor-element elementor-element-c6458ba elementor-widget elementor-widget-heading\" data-id=\"c6458ba\" data-element_type=\"widget\" data-e-type=\"widget\" data-widget_type=\"heading.default\">\n\t\t\t\t<div class=\"elementor-widget-container\">\n\t\t\t\t\t<h2 class=\"elementor-heading-title elementor-size-default\">Principaux services<\/h2>\t\t\t\t<\/div>\n\t\t\t\t<\/div>\n\t\t\t\t<div class=\"elementor-element elementor-element-6aecdb58 elementor-widget elementor-widget-text-editor\" data-id=\"6aecdb58\" data-element_type=\"widget\" data-e-type=\"widget\" data-widget_type=\"text-editor.default\">\n\t\t\t\t<div class=\"elementor-widget-container\">\n\t\t\t\t\t\t\t\t\t<ul><li>Derni\u00e8res informations sur les entreprises<\/li><li>Mises \u00e0 jour r\u00e9glementaires<\/li><li>Avis d'experts<\/li><li>\u00c9v\u00e9nements et s\u00e9minaires en ligne \u00e0 venir<\/li><\/ul>\t\t\t\t\t\t\t\t<\/div>\n\t\t\t\t<\/div>\n\t\t\t\t<div class=\"elementor-element elementor-element-47c0a859 elementor-widget elementor-widget-heading\" data-id=\"47c0a859\" data-element_type=\"widget\" data-e-type=\"widget\" data-widget_type=\"heading.default\">\n\t\t\t\t<div class=\"elementor-widget-container\">\n\t\t\t\t\t<h2 class=\"elementor-heading-title elementor-size-default\">Avantages<\/h2>\t\t\t\t<\/div>\n\t\t\t\t<\/div>\n\t\t\t\t<div class=\"elementor-element elementor-element-1d595910 elementor-widget elementor-widget-text-editor\" data-id=\"1d595910\" data-element_type=\"widget\" data-e-type=\"widget\" data-widget_type=\"text-editor.default\">\n\t\t\t\t<div class=\"elementor-widget-container\">\n\t\t\t\t\t\t\t\t\t<ul><li>Garder une longueur d'avance sur les tendances du secteur<\/li><li>Acc\u00e9der aux connaissances d'experts<\/li><li>Possibilit\u00e9s de mise en r\u00e9seau<\/li><\/ul>\t\t\t\t\t\t\t\t<\/div>\n\t\t\t\t<\/div>\n\t\t\t\t<\/div>\n\t\t\t\t\t<\/div>\n\t\t\t\t<\/div>\n\t\t<div class=\"elementor-element elementor-element-3532020b e-flex e-con-boxed e-con e-parent\" data-id=\"3532020b\" data-element_type=\"container\" data-e-type=\"container\" data-settings=\"{&quot;background_background&quot;:&quot;classic&quot;}\">\n\t\t\t\t\t<div class=\"e-con-inner\">\n\t\t\t\t<div class=\"elementor-element elementor-element-26c87eb6 elementor-widget elementor-widget-heading\" data-id=\"26c87eb6\" data-element_type=\"widget\" data-e-type=\"widget\" data-widget_type=\"heading.default\">\n\t\t\t\t<div class=\"elementor-widget-container\">\n\t\t\t\t\t<h2 class=\"elementor-heading-title elementor-size-default\">Vous demandez des services, nous vous apportons de la valeur<\/h2>\t\t\t\t<\/div>\n\t\t\t\t<\/div>\n\t\t\t\t\t<\/div>\n\t\t\t\t<\/div>\n\t\t\t\t<\/div>","protected":false},"excerpt":{"rendered":"<p>Newsletter Description Stay informed with our expertly curated newsletter, delivering insights and updates on industry trends, regulatory changes, and best practices. Key Services Latest Business Insights Regulatory Updates Expert Opinions Upcoming Events and Webinars Benefits Stay ahead of industry trends Access expert knowledge Networking opportunities You ask for services, we provide value<\/p>","protected":false},"author":2,"featured_media":0,"parent":0,"menu_order":0,"comment_status":"closed","ping_status":"closed","template":"","meta":{"footnotes":""},"class_list":["post-2293","page","type-page","status-publish","hentry"],"blocksy_meta":[],"_links":{"self":[{"href":"https:\/\/solver-advisory.com\/fr\/wp-json\/wp\/v2\/pages\/2293"}],"collection":[{"href":"https:\/\/solver-advisory.com\/fr\/wp-json\/wp\/v2\/pages"}],"about":[{"href":"https:\/\/solver-advisory.com\/fr\/wp-json\/wp\/v2\/types\/page"}],"author":[{"embeddable":true,"href":"https:\/\/solver-advisory.com\/fr\/wp-json\/wp\/v2\/users\/2"}],"replies":[{"embeddable":true,"href":"https:\/\/solver-advisory.com\/fr\/wp-json\/wp\/v2\/comments?post=2293"}],"version-history":[{"count":10,"href":"https:\/\/solver-advisory.com\/fr\/wp-json\/wp\/v2\/pages\/2293\/revisions"}],"predecessor-version":[{"id":2441,"href":"https:\/\/solver-advisory.com\/fr\/wp-json\/wp\/v2\/pages\/2293\/revisions\/2441"}],"wp:attachment":[{"href":"https:\/\/solver-advisory.com\/fr\/wp-json\/wp\/v2\/media?parent=2293"}],"curies":[{"name":"wp","href":"https:\/\/api.w.org\/{rel}","templated":true}]}}